{"id":4757,"date":"2023-12-20T17:24:19","date_gmt":"2023-12-20T16:24:19","guid":{"rendered":"https:\/\/premiumpack.sn\/?post_type=product&#038;p=4757"},"modified":"2024-02-21T15:24:34","modified_gmt":"2024-02-21T14:24:34","slug":"barquette-en-couleur-50-pieces-paquet","status":"publish","type":"product","link":"https:\/\/premiumpack.sn\/index.php\/product\/barquette-en-couleur-50-pieces-paquet\/","title":{"rendered":"Moule \u00e0 muffins en mousseline de soie, carr\u00e9, r\u00e9sistant \u00e0 l&rsquo;huile, en papier, tasse de cuisson (50 Pieces )"},"content":{"rendered":"","protected":false},"excerpt":{"rendered":"","protected":false},"featured_media":6587,"comment_status":"open","ping_status":"closed","template":"","meta":{"_bst_post_transparent":"default","_bst_post_title":"","_bst_post_layout":"default","_bst_post_sidebar_id":"","_bst_post_content_style":"default","_bst_post_vertical_padding":"default","_bst_post_feature":"","_bst_post_feature_position":"","_bst_post_header":false,"_bst_post_footer":false},"product_cat":[374],"product_tag":[],"_links":{"self":[{"href":"https:\/\/premiumpack.sn\/index.php\/wp-json\/wp\/v2\/product\/4757"}],"collection":[{"href":"https:\/\/premiumpack.sn\/index.php\/wp-json\/wp\/v2\/product"}],"about":[{"href":"https:\/\/premiumpack.sn\/index.php\/wp-json\/wp\/v2\/types\/product"}],"replies":[{"embeddable":true,"href":"https:\/\/premiumpack.sn\/index.php\/wp-json\/wp\/v2\/comments?post=4757"}],"wp:featuredmedia":[{"embeddable":true,"href":"https:\/\/premiumpack.sn\/index.php\/wp-json\/wp\/v2\/media\/6587"}],"wp:attachment":[{"href":"https:\/\/premiumpack.sn\/index.php\/wp-json\/wp\/v2\/media?parent=4757"}],"wp:term":[{"taxonomy":"product_cat","embeddable":true,"href":"https:\/\/premiumpack.sn\/index.php\/wp-json\/wp\/v2\/product_cat?post=4757"},{"taxonomy":"product_tag","embeddable":true,"href":"https:\/\/premiumpack.sn\/index.php\/wp-json\/wp\/v2\/product_tag?post=4757"}],"curies":[{"name":"wp","href":"https:\/\/api.w.org\/{rel}","templated":true}]}}