{"id":5087,"date":"2023-12-27T15:58:55","date_gmt":"2023-12-27T14:58:55","guid":{"rendered":"https:\/\/premiumpack.sn\/?post_type=product&#038;p=5087"},"modified":"2024-02-20T12:41:14","modified_gmt":"2024-02-20T11:41:14","slug":"gh","status":"publish","type":"product","link":"https:\/\/premiumpack.sn\/index.php\/product\/gh\/","title":{"rendered":"N\u0153ud de papillon simple en toile de jute rustique pour d\u00e9coration de sapin de No\u00ebl, cadeau d&rsquo;anniversaire, de mariage"},"content":{"rendered":"","protected":false},"excerpt":{"rendered":"","protected":false},"featured_media":7044,"comment_status":"open","ping_status":"closed","template":"","meta":{"_bst_post_transparent":"default","_bst_post_title":"","_bst_post_layout":"default","_bst_post_sidebar_id":"","_bst_post_content_style":"default","_bst_post_vertical_padding":"default","_bst_post_feature":"","_bst_post_feature_position":"","_bst_post_header":false,"_bst_post_footer":false},"product_cat":[366],"product_tag":[],"_links":{"self":[{"href":"https:\/\/premiumpack.sn\/index.php\/wp-json\/wp\/v2\/product\/5087"}],"collection":[{"href":"https:\/\/premiumpack.sn\/index.php\/wp-json\/wp\/v2\/product"}],"about":[{"href":"https:\/\/premiumpack.sn\/index.php\/wp-json\/wp\/v2\/types\/product"}],"replies":[{"embeddable":true,"href":"https:\/\/premiumpack.sn\/index.php\/wp-json\/wp\/v2\/comments?post=5087"}],"wp:featuredmedia":[{"embeddable":true,"href":"https:\/\/premiumpack.sn\/index.php\/wp-json\/wp\/v2\/media\/7044"}],"wp:attachment":[{"href":"https:\/\/premiumpack.sn\/index.php\/wp-json\/wp\/v2\/media?parent=5087"}],"wp:term":[{"taxonomy":"product_cat","embeddable":true,"href":"https:\/\/premiumpack.sn\/index.php\/wp-json\/wp\/v2\/product_cat?post=5087"},{"taxonomy":"product_tag","embeddable":true,"href":"https:\/\/premiumpack.sn\/index.php\/wp-json\/wp\/v2\/product_tag?post=5087"}],"curies":[{"name":"wp","href":"https:\/\/api.w.org\/{rel}","templated":true}]}}