{"id":5745,"date":"2024-01-05T14:26:27","date_gmt":"2024-01-05T13:26:27","guid":{"rendered":"https:\/\/premiumpack.sn\/?post_type=product&#038;p=5745"},"modified":"2024-02-21T20:12:02","modified_gmt":"2024-02-21T19:12:02","slug":"dali-blanc","status":"publish","type":"product","link":"https:\/\/premiumpack.sn\/index.php\/product\/dali-blanc\/","title":{"rendered":"Bo\u00eete \u00e0 g\u00e2teau avec fen\u00eatre"},"content":{"rendered":"","protected":false},"excerpt":{"rendered":"","protected":false},"featured_media":6139,"comment_status":"open","ping_status":"closed","template":"","meta":{"_bst_post_transparent":"default","_bst_post_title":"","_bst_post_layout":"default","_bst_post_sidebar_id":"","_bst_post_content_style":"default","_bst_post_vertical_padding":"default","_bst_post_feature":"","_bst_post_feature_position":"","_bst_post_header":false,"_bst_post_footer":false},"product_cat":[466],"product_tag":[],"_links":{"self":[{"href":"https:\/\/premiumpack.sn\/index.php\/wp-json\/wp\/v2\/product\/5745"}],"collection":[{"href":"https:\/\/premiumpack.sn\/index.php\/wp-json\/wp\/v2\/product"}],"about":[{"href":"https:\/\/premiumpack.sn\/index.php\/wp-json\/wp\/v2\/types\/product"}],"replies":[{"embeddable":true,"href":"https:\/\/premiumpack.sn\/index.php\/wp-json\/wp\/v2\/comments?post=5745"}],"wp:featuredmedia":[{"embeddable":true,"href":"https:\/\/premiumpack.sn\/index.php\/wp-json\/wp\/v2\/media\/6139"}],"wp:attachment":[{"href":"https:\/\/premiumpack.sn\/index.php\/wp-json\/wp\/v2\/media?parent=5745"}],"wp:term":[{"taxonomy":"product_cat","embeddable":true,"href":"https:\/\/premiumpack.sn\/index.php\/wp-json\/wp\/v2\/product_cat?post=5745"},{"taxonomy":"product_tag","embeddable":true,"href":"https:\/\/premiumpack.sn\/index.php\/wp-json\/wp\/v2\/product_tag?post=5745"}],"curies":[{"name":"wp","href":"https:\/\/api.w.org\/{rel}","templated":true}]}}