{"id":5799,"date":"2024-01-05T16:53:26","date_gmt":"2024-01-05T15:53:26","guid":{"rendered":"https:\/\/premiumpack.sn\/?post_type=product&#038;p=5799"},"modified":"2024-02-16T17:05:47","modified_gmt":"2024-02-16T16:05:47","slug":"cuir-de-vachette-housse-coulissante-en-pvc-transparent-avec-dimensions-interieures-36x18-5x5","status":"publish","type":"product","link":"https:\/\/premiumpack.sn\/index.php\/product\/cuir-de-vachette-housse-coulissante-en-pvc-transparent-avec-dimensions-interieures-36x18-5x5\/","title":{"rendered":"Bo\u00eete de Biscuit papier, bo\u00eetes d&#8217;emballage de g\u00e2teaux au chocolat"},"content":{"rendered":"","protected":false},"excerpt":{"rendered":"","protected":false},"featured_media":6885,"comment_status":"open","ping_status":"closed","template":"","meta":{"_bst_post_transparent":"default","_bst_post_title":"","_bst_post_layout":"default","_bst_post_sidebar_id":"","_bst_post_content_style":"default","_bst_post_vertical_padding":"default","_bst_post_feature":"","_bst_post_feature_position":"","_bst_post_header":false,"_bst_post_footer":false},"product_cat":[466],"product_tag":[],"_links":{"self":[{"href":"https:\/\/premiumpack.sn\/index.php\/wp-json\/wp\/v2\/product\/5799"}],"collection":[{"href":"https:\/\/premiumpack.sn\/index.php\/wp-json\/wp\/v2\/product"}],"about":[{"href":"https:\/\/premiumpack.sn\/index.php\/wp-json\/wp\/v2\/types\/product"}],"replies":[{"embeddable":true,"href":"https:\/\/premiumpack.sn\/index.php\/wp-json\/wp\/v2\/comments?post=5799"}],"wp:featuredmedia":[{"embeddable":true,"href":"https:\/\/premiumpack.sn\/index.php\/wp-json\/wp\/v2\/media\/6885"}],"wp:attachment":[{"href":"https:\/\/premiumpack.sn\/index.php\/wp-json\/wp\/v2\/media?parent=5799"}],"wp:term":[{"taxonomy":"product_cat","embeddable":true,"href":"https:\/\/premiumpack.sn\/index.php\/wp-json\/wp\/v2\/product_cat?post=5799"},{"taxonomy":"product_tag","embeddable":true,"href":"https:\/\/premiumpack.sn\/index.php\/wp-json\/wp\/v2\/product_tag?post=5799"}],"curies":[{"name":"wp","href":"https:\/\/api.w.org\/{rel}","templated":true}]}}