{"id":5813,"date":"2024-01-05T17:04:32","date_gmt":"2024-01-05T16:04:32","guid":{"rendered":"https:\/\/premiumpack.sn\/?post_type=product&#038;p=5813"},"modified":"2024-02-16T18:30:12","modified_gmt":"2024-02-16T17:30:12","slug":"blanc-pur-couvercle-transparent-12x8x6","status":"publish","type":"product","link":"https:\/\/premiumpack.sn\/index.php\/product\/blanc-pur-couvercle-transparent-12x8x6\/","title":{"rendered":"Bo\u00eete d&#8217;emballage pour sandwich et hamburger, r\u00e9sistant \u00e0 l&rsquo;huile couvercle transparent 12X8X6"},"content":{"rendered":"","protected":false},"excerpt":{"rendered":"","protected":false},"featured_media":6973,"comment_status":"open","ping_status":"closed","template":"","meta":{"_bst_post_transparent":"default","_bst_post_title":"","_bst_post_layout":"default","_bst_post_sidebar_id":"","_bst_post_content_style":"default","_bst_post_vertical_padding":"default","_bst_post_feature":"","_bst_post_feature_position":"","_bst_post_header":false,"_bst_post_footer":false},"product_cat":[466],"product_tag":[],"_links":{"self":[{"href":"https:\/\/premiumpack.sn\/index.php\/wp-json\/wp\/v2\/product\/5813"}],"collection":[{"href":"https:\/\/premiumpack.sn\/index.php\/wp-json\/wp\/v2\/product"}],"about":[{"href":"https:\/\/premiumpack.sn\/index.php\/wp-json\/wp\/v2\/types\/product"}],"replies":[{"embeddable":true,"href":"https:\/\/premiumpack.sn\/index.php\/wp-json\/wp\/v2\/comments?post=5813"}],"wp:featuredmedia":[{"embeddable":true,"href":"https:\/\/premiumpack.sn\/index.php\/wp-json\/wp\/v2\/media\/6973"}],"wp:attachment":[{"href":"https:\/\/premiumpack.sn\/index.php\/wp-json\/wp\/v2\/media?parent=5813"}],"wp:term":[{"taxonomy":"product_cat","embeddable":true,"href":"https:\/\/premiumpack.sn\/index.php\/wp-json\/wp\/v2\/product_cat?post=5813"},{"taxonomy":"product_tag","embeddable":true,"href":"https:\/\/premiumpack.sn\/index.php\/wp-json\/wp\/v2\/product_tag?post=5813"}],"curies":[{"name":"wp","href":"https:\/\/api.w.org\/{rel}","templated":true}]}}